{"id":5158,"date":"2023-09-27T16:37:28","date_gmt":"2023-09-27T08:37:28","guid":{"rendered":"http:\/\/www.shke.com.cn\/?post_type=product&#038;p=5158"},"modified":"2024-06-12T14:45:02","modified_gmt":"2024-06-12T06:45:02","slug":"stb-16f","status":"publish","type":"product","link":"https:\/\/www.shke.com.cn\/cn\/?product=stb-16f","title":{"rendered":"STB-16F \u7ec8\u7aef\u76d2"},"content":{"rendered":"<section class=\"l-section wpb_row height_small\" id=\"Specifications\"><div class=\"l-section-h i-cf\"><div class=\"g-cols vc_row via_grid cols_1 laptops-cols_inherit tablets-cols_inherit mobiles-cols_1 valign_top type_default stacking_default\"><div class=\"wpb_column vc_column_container\"><div class=\"vc_column-inner\"><div class=\"wpb_text_column\"><div class=\"wpb_wrapper\"><h5><strong><b>\u53c2\u6570<\/b><\/strong><\/h5>\n<\/div><\/div><div class=\"w-separator size_small with_line width_default thick_3 style_solid color_border align_center\"><div class=\"w-separator-h\"><\/div><\/div><div class=\"g-cols wpb_row via_grid cols_2 laptops-cols_inherit tablets-cols_inherit mobiles-cols_1 valign_top type_default stacking_default\" style=\"--columns-gap:3rem;\"><div class=\"wpb_column vc_column_container\"><div class=\"vc_column-inner\"><div class=\"wpb_text_column\"><div class=\"wpb_wrapper\"><table width=\"641\">\n<tbody>\n<tr>\n<td width=\"263\"><strong>\u5149\u7f06\u51fa\u53e3\u5c3a\u5bf8(mm) :<\/strong><\/td>\n<td width=\"377\">2*3 ~ \u1d137<\/td>\n<\/tr>\n<tr>\n<td><strong>IP\u9632\u62a4\u7b49\u7ea7 :<\/strong><\/td>\n<td>IP68<\/td>\n<\/tr>\n<\/tbody>\n<\/table>\n<\/div><\/div><\/div><\/div><div class=\"wpb_column vc_column_container\"><div class=\"vc_column-inner\"><div class=\"wpb_text_column\"><div class=\"wpb_wrapper\"><table style=\"border-collapse: collapse; width: 480.77pt;\" border=\"0\" width=\"641\" cellspacing=\"0\" cellpadding=\"0\">\n<tbody>\n<tr style=\"height: 17.25pt;\">\n<td class=\"et3\" style=\"height: 17.25pt; width: 197.90pt;\" width=\"263\" height=\"23\"><strong><span class=\"font2\">\u5de5\u4f5c\u6e29\u5ea6 :<\/span><\/strong><\/td>\n<td class=\"et3\" style=\"width: 283.25pt;\" width=\"377\">-40~65\u00b0C<\/td>\n<\/tr>\n<tr style=\"height: 17.25pt;\">\n<td class=\"et4\" style=\"height: 17.25pt;\" height=\"23\"><strong><span class=\"font2\">\u6c14\u538b :<\/span><\/strong><\/td>\n<td class=\"et4\">70~106Kpa<\/td>\n<\/tr>\n<\/tbody>\n<\/table>\n<\/div><\/div><\/div><\/div><\/div><\/div><\/div><\/div><\/div><\/section><section class=\"l-section wpb_row height_small\" id=\"Solutions\"><div class=\"l-section-h i-cf\"><div class=\"g-cols vc_row via_grid cols_1 laptops-cols_inherit tablets-cols_inherit mobiles-cols_1 valign_top type_default stacking_default\"><div class=\"wpb_column vc_column_container\"><div class=\"vc_column-inner\"><div class=\"wpb_text_column\"><div class=\"wpb_wrapper\"><h5><strong><b>\u5e94\u7528\u65b9\u5f0f<\/b><\/strong><\/h5>\n<\/div><\/div><div class=\"w-separator size_small with_line width_default thick_3 style_solid color_border align_center\"><div class=\"w-separator-h\"><\/div><\/div><div class=\"w-image align_none\"><div class=\"w-image-h\"><img decoding=\"async\" width=\"1200\" height=\"460\" src=\"https:\/\/www.shke.com.cn\/cn\/wp-content\/uploads\/2023\/09\/Termination-Box-Solutions-3.jpg\" class=\"attachment-full size-full\" alt=\"\" loading=\"lazy\" srcset=\"https:\/\/www.shke.com.cn\/cn\/wp-content\/uploads\/2023\/09\/Termination-Box-Solutions-3.jpg 1200w, https:\/\/www.shke.com.cn\/cn\/wp-content\/uploads\/2023\/09\/Termination-Box-Solutions-3-600x230.jpg 600w, https:\/\/www.shke.com.cn\/cn\/wp-content\/uploads\/2023\/09\/Termination-Box-Solutions-3-300x115.jpg 300w, https:\/\/www.shke.com.cn\/cn\/wp-content\/uploads\/2023\/09\/Termination-Box-Solutions-3-1024x393.jpg 1024w\" sizes=\"auto, (max-width: 1200px) 100vw, 1200px\" \/><\/div><\/div><\/div><\/div><\/div><\/div><\/section><section class=\"l-section wpb_row height_small\" id=\"Features\"><div class=\"l-section-h i-cf\"><div class=\"g-cols vc_row via_grid cols_1 laptops-cols_inherit tablets-cols_inherit mobiles-cols_1 valign_top type_default stacking_default\"><div class=\"wpb_column vc_column_container\"><div class=\"vc_column-inner\"><div class=\"wpb_text_column\"><div class=\"wpb_wrapper\"><h5><strong><b>\u7279\u70b9<\/b><\/strong><\/h5>\n<\/div><\/div><div class=\"w-separator size_small with_line width_default thick_3 style_solid color_border align_center\"><div class=\"w-separator-h\"><\/div><\/div><div class=\"wpb_text_column\"><div class=\"wpb_wrapper\"><p>\u25cf \u6750\u8d28\uff1aPP\u6216PC+ABS\u3002<br \/>\n\u25cf \u9632\u6f6e\u3001\u9632\u6c34\u3001\u9632\u5c18\u3001\u6297\u8001\u5316\uff0c\u9632\u62a4\u7b49\u7ea7\u53ef\u8fbeIP68\u3002<br \/>\n\u25cf 1\u4e2a\u692d\u5706\u5149\u7f06\u5165\u53e3\uff0c2\u4e2a\u5206\u652f\u5149\u7f06\u5165\u53e3\uff0c16\u4e2a\u5165\u6237\u53e3\u3002<br \/>\n\u25cf \u5b89\u88c5\u65b9\u5f0f\uff1a\u6746\u88c5\u3001\u67b6\u7a7a\u3001\u58c1\u6302\u3002<br \/>\n\u25cf \u7b26\u5408RoHS\u73af\u4fdd\u6307\u4ee4\u3002<br \/>\n\u25cf C\u00e1izh\u00ec:PP hu\u00f2 PC+ABS.<\/p>\n<\/div><\/div><\/div><\/div><\/div><\/div><\/section><section class=\"l-section wpb_row height_small\" id=\"Resources\"><div class=\"l-section-h i-cf\"><div class=\"g-cols vc_row via_grid cols_1 laptops-cols_inherit tablets-cols_inherit mobiles-cols_1 valign_top type_default stacking_default\"><div class=\"wpb_column vc_column_container\"><div class=\"vc_column-inner\"><div class=\"wpb_text_column\" id=\"PDF\"><div class=\"wpb_wrapper\"><h5>\u8d44\u6e90<\/h5>\n<\/div><\/div><div class=\"w-separator size_small with_line width_default thick_3 style_solid color_border align_center\"><div class=\"w-separator-h\"><\/div><\/div><div class=\"g-cols wpb_row via_grid cols_1 laptops-cols_inherit tablets-cols_inherit mobiles-cols_1 valign_top type_default stacking_default\" style=\"--columns-gap:3rem;\"><div class=\"wpb_column vc_column_container\"><div class=\"vc_column-inner\"><div class=\"w-btn-wrapper align_none\"><a class=\"w-btn us-btn-style_1 icon_atleft\" href=\"http:\/\/www.shke.com.cn\/wp-content\/uploads\/2023\/12\/STB-16F_EN_.pdf\"><i class=\"fas fa-file-pdf\"><\/i><span class=\"w-btn-label\">STB-16F \u89c4\u683c\u4e66<\/span><\/a><\/div><\/div><\/div><\/div><\/div><\/div><\/div><\/div><\/section>\n","protected":false},"excerpt":{"rendered":"<p>\u8be5\u8bbe\u5907\u7528\u4e8eFTTx\u901a\u4fe1\u7f51\u7edc\u7cfb\u7edf\u4e2d\u9988\u7ebf\u5149\u7f06\u4e0e\u5165\u6237\u5149\u7f06\u7684\u7ec8\u7aef\u8fde\u63a5\uff0c\u53ef\u5728\u6b64\u7bb1\u4f53\u5185\u5b8c\u6210\u5149\u7ea4\u7684\u7194\u63a5\u3001\u5206\u7ea4\u3001\u5206\u914d\u7b49\u5de5\u4f5c\uff0c\u540c\u65f6\u4e3aFTTx\u7f51\u7edc\u5efa\u8bbe\u63d0\u4f9b\u575a\u5b9e\u7684\u4fdd\u62a4\u548c\u7ba1\u7406\u3002<\/p>\n","protected":false},"featured_media":6866,"comment_status":"closed","ping_status":"closed","template":"","meta":[],"product_brand":[],"product_cat":[123,128],"product_tag":[34],"class_list":{"0":"post-5158","1":"product","2":"type-product","3":"status-publish","4":"has-post-thumbnail","6":"product_cat-fttx","7":"product_cat-termination-box","8":"product_tag-ftth","10":"first","11":"instock","12":"shipping-taxable","13":"product-type-simple"},"_links":{"self":[{"href":"https:\/\/www.shke.com.cn\/cn\/index.php?rest_route=\/wp\/v2\/product\/5158","targetHints":{"allow":["GET"]}}],"collection":[{"href":"https:\/\/www.shke.com.cn\/cn\/index.php?rest_route=\/wp\/v2\/product"}],"about":[{"href":"https:\/\/www.shke.com.cn\/cn\/index.php?rest_route=\/wp\/v2\/types\/product"}],"replies":[{"embeddable":true,"href":"https:\/\/www.shke.com.cn\/cn\/index.php?rest_route=%2Fwp%2Fv2%2Fcomments&post=5158"}],"wp:featuredmedia":[{"embeddable":true,"href":"https:\/\/www.shke.com.cn\/cn\/index.php?rest_route=\/wp\/v2\/media\/6866"}],"wp:attachment":[{"href":"https:\/\/www.shke.com.cn\/cn\/index.php?rest_route=%2Fwp%2Fv2%2Fmedia&parent=5158"}],"wp:term":[{"taxonomy":"product_brand","embeddable":true,"href":"https:\/\/www.shke.com.cn\/cn\/index.php?rest_route=%2Fwp%2Fv2%2Fproduct_brand&post=5158"},{"taxonomy":"product_cat","embeddable":true,"href":"https:\/\/www.shke.com.cn\/cn\/index.php?rest_route=%2Fwp%2Fv2%2Fproduct_cat&post=5158"},{"taxonomy":"product_tag","embeddable":true,"href":"https:\/\/www.shke.com.cn\/cn\/index.php?rest_route=%2Fwp%2Fv2%2Fproduct_tag&post=5158"}],"curies":[{"name":"wp","href":"https:\/\/api.w.org\/{rel}","templated":true}]}}